{"id":6,"date":"2018-01-21T08:55:57","date_gmt":"2018-01-21T08:55:57","guid":{"rendered":"http:\/\/makeisoluciones.com\/contact-us\/"},"modified":"2025-05-15T13:52:12","modified_gmt":"2025-05-15T18:52:12","slug":"contactanos","status":"publish","type":"page","link":"https:\/\/makeisoluciones.com\/staging\/5768\/contactanos\/","title":{"rendered":"Cont\u00e1ctanos"},"content":{"rendered":"<div class=\"wpb-content-wrapper\"><p>[vc_row][vc_column][vc_empty_space height=&#8221;80px&#8221;][\/vc_column][\/vc_row][vc_row][vc_column][vc_column_text css=&#8221;&#8221;]<\/p>\n<h4><strong>CONT\u00c1CTO<\/strong><\/h4>\n<p>[\/vc_column_text][\/vc_column][\/vc_row][vc_row type=&#8221;container&#8221;][vc_column width=&#8221;1\/2&#8243;][vc_empty_space height=&#8221;45px&#8221;][vc_column_text css=&#8221;&#8221;]<span style=\"vertical-align: inherit;\"><span style=\"vertical-align: inherit;\"><span style=\"vertical-align: inherit;\"><span style=\"vertical-align: inherit;\"><span style=\"vertical-align: inherit;\"><span style=\"vertical-align: inherit;\">Hola! Ser\u00e1 un gusto para nosotros resolver todas tus inquietudes. Por favor cont\u00e1ctanos por nuestras l\u00edneas telef\u00f3nicas <strong>(<\/strong><\/span><\/span><\/span><\/span><\/span><\/span><strong><a href=\"tel:+573046176706\"><span style=\"vertical-align: inherit;\"><span style=\"vertical-align: inherit;\"><span style=\"vertical-align: inherit;\"><span style=\"vertical-align: inherit;\"><span style=\"vertical-align: inherit;\"><span style=\"vertical-align: inherit;\">+57 301 4989582<\/span><\/span><\/span><\/span><\/span><\/span><\/a><span style=\"vertical-align: inherit;\"><span style=\"vertical-align: inherit;\"><span style=\"vertical-align: inherit;\"><span style=\"vertical-align: inherit;\"><span style=\"vertical-align: inherit;\"><span style=\"vertical-align: inherit;\">\u00a0\/<\/span><\/span><\/span><\/span><\/span><\/span><a href=\"tel:+573014989582\"><span style=\"vertical-align: inherit;\"><span style=\"vertical-align: inherit;\"><span style=\"vertical-align: inherit;\"><span style=\"vertical-align: inherit;\"><span style=\"vertical-align: inherit;\"><span style=\"vertical-align: inherit;\">+57 301 4921813<\/span><\/span><\/span><\/span><\/span><\/span><\/a><\/strong><span style=\"vertical-align: inherit;\"><span style=\"vertical-align: inherit;\"><span style=\"vertical-align: inherit;\"><span style=\"vertical-align: inherit;\"><span style=\"vertical-align: inherit;\"><span style=\"vertical-align: inherit;\"><strong> \/ (605) 3452054 )<\/strong> o diligencia el siguiente formulario y nos comunicaremos lo m\u00e1s pronto posible.<\/span><\/span><\/span><\/span><\/span><\/span><\/p>\n<p><strong><span style=\"vertical-align: inherit;\"><span style=\"vertical-align: inherit;\"><span style=\"vertical-align: inherit;\"><span style=\"vertical-align: inherit;\">MAKEI Soluciones y\u00a0<\/span><\/span><\/span><\/span><\/strong><b><span style=\"vertical-align: inherit;\"><span style=\"vertical-align: inherit;\"><span style=\"vertical-align: inherit;\"><span style=\"vertical-align: inherit;\">Asesor\u00edas<\/span><\/span><\/span><\/span><\/b><br \/>\n<strong><span style=\"vertical-align: inherit; color: #808080;\"><span style=\"vertical-align: inherit;\"><span style=\"vertical-align: inherit;\"><span style=\"vertical-align: inherit;\">V\u00eda 40#83-25, Bodega 1.<\/span><\/span><\/span><\/span><\/strong><br \/>\n<strong><span style=\"vertical-align: inherit; color: #808080;\"><span style=\"vertical-align: inherit;\"><span style=\"vertical-align: inherit;\"><span style=\"vertical-align: inherit;\">Barranquilla, Colombia<\/span><\/span><\/span><\/span><\/strong><\/p>\n<p><a href=\"tel:+573014989582\"><span style=\"vertical-align: inherit;\"><span style=\"vertical-align: inherit;\"><span style=\"vertical-align: inherit;\"><span style=\"vertical-align: inherit;\"><span style=\"vertical-align: inherit;\"><span style=\"vertical-align: inherit;\">Click aqu\u00ed para llamar <\/span><\/span><\/span><\/span><\/span><\/span><\/a><span style=\"vertical-align: inherit;\"><span style=\"vertical-align: inherit;\"><span style=\"vertical-align: inherit;\"><span style=\"vertical-align: inherit;\"><span style=\"vertical-align: inherit;\"><span style=\"vertical-align: inherit;\">o <\/span><\/span><\/span><\/span><\/span><\/span><a href=\"http:\/\/wa.me\/573046176706\"><span style=\"vertical-align: inherit;\"><span style=\"vertical-align: inherit;\"><span style=\"vertical-align: inherit;\"><span style=\"vertical-align: inherit;\"><span style=\"vertical-align: inherit;\"><span style=\"vertical-align: inherit;\">cont\u00e1ctanos v\u00eda WhatsApp aqu\u00ed.<\/span><\/span><\/span><\/span><\/span><\/span><\/a>[\/vc_column_text][vc_empty_space height=&#8221;42px&#8221;][vc_column_text css=&#8221;&#8221;]<\/p>\n<h4><strong>ESCR\u00cdBENOS<\/strong><\/h4>\n<p>[\/vc_column_text]<style id=\"wpforms-css-vars-73662\">\n\t\t\t\t#wpforms-73662 {\n\t\t\t\t\n\t\t\t}\n\t\t\t<\/style><div class=\"wpforms-container wpforms-container-full wpforms-render-modern\" id=\"wpforms-73662\"><form id=\"wpforms-form-73662\" class=\"wpforms-validate wpforms-form wpforms-ajax-form\" data-formid=\"73662\" method=\"post\" enctype=\"multipart\/form-data\" action=\"\/staging\/5768\/wp-json\/wp\/v2\/pages\/6\" data-token=\"fb681e293230cbb6155981988d11f0eb\" data-token-time=\"1776961034\"><noscript class=\"wpforms-error-noscript\">Por favor, activa JavaScript en tu navegador para completar este formulario.<\/noscript><div id=\"wpforms-error-noscript\" style=\"display: none;\">Por favor, activa JavaScript en tu navegador para completar este formulario.<\/div><div class=\"wpforms-field-container\"><div id=\"wpforms-73662-field_1-container\" class=\"wpforms-field wpforms-field-name\" data-field-id=\"1\"><fieldset><legend class=\"wpforms-field-label\">Nombre Completo <span class=\"wpforms-required-label\" aria-hidden=\"true\">*<\/span><\/legend><div class=\"wpforms-field-row wpforms-field-medium\"><div class=\"wpforms-field-row-block wpforms-first wpforms-one-half\"><input type=\"text\" id=\"wpforms-73662-field_1\" class=\"wpforms-field-name-first wpforms-field-required\" name=\"wpforms[fields][1][first]\" aria-errormessage=\"wpforms-73662-field_1-error\" required><label for=\"wpforms-73662-field_1\" class=\"wpforms-field-sublabel after\">Nombre<\/label><\/div><div class=\"wpforms-field-row-block wpforms-one-half\"><input type=\"text\" id=\"wpforms-73662-field_1-last\" class=\"wpforms-field-name-last wpforms-field-required\" name=\"wpforms[fields][1][last]\" aria-errormessage=\"wpforms-73662-field_1-last-error\" required><label for=\"wpforms-73662-field_1-last\" class=\"wpforms-field-sublabel after\">Apellidos<\/label><\/div><\/div><\/fieldset><\/div><div id=\"wpforms-73662-field_2-container\" class=\"wpforms-field wpforms-field-email\" data-field-id=\"2\"><label class=\"wpforms-field-label\" for=\"wpforms-73662-field_2\">Correo Electr\u00f3nico <span class=\"wpforms-required-label\" aria-hidden=\"true\">*<\/span><\/label><input type=\"email\" id=\"wpforms-73662-field_2\" class=\"wpforms-field-medium wpforms-field-required\" name=\"wpforms[fields][2]\" spellcheck=\"false\" aria-errormessage=\"wpforms-73662-field_2-error\" required><\/div>\t\t<div id=\"wpforms-73662-field_5-container\"\n\t\t\tclass=\"wpforms-field wpforms-field-text\"\n\t\t\tdata-field-type=\"text\"\n\t\t\tdata-field-id=\"5\"\n\t\t\t>\n\t\t\t<label class=\"wpforms-field-label\" for=\"wpforms-73662-field_5\" >Completo Telef&oacute;nico Nombre<\/label>\n\t\t\t<input type=\"text\" id=\"wpforms-73662-field_5\" class=\"wpforms-field-medium\" name=\"wpforms[fields][5]\" >\n\t\t<\/div>\n\t\t<div id=\"wpforms-73662-field_3-container\" class=\"wpforms-field wpforms-field-textarea\" data-field-id=\"3\"><label class=\"wpforms-field-label\" for=\"wpforms-73662-field_3\">Mensaje <span class=\"wpforms-required-label\" aria-hidden=\"true\">*<\/span><\/label><textarea id=\"wpforms-73662-field_3\" class=\"wpforms-field-medium wpforms-field-required\" name=\"wpforms[fields][3]\" aria-errormessage=\"wpforms-73662-field_3-error\" required><\/textarea><\/div><script>\n\t\t\t\t( function() {\n\t\t\t\t\tconst style = document.createElement( 'style' );\n\t\t\t\t\tstyle.appendChild( document.createTextNode( '#wpforms-73662-field_5-container { position: absolute !important; overflow: hidden !important; display: inline !important; height: 1px !important; width: 1px !important; z-index: -1000 !important; padding: 0 !important; } #wpforms-73662-field_5-container input { visibility: hidden; } #wpforms-conversational-form-page #wpforms-73662-field_5-container label { counter-increment: none; }' ) );\n\t\t\t\t\tdocument.head.appendChild( style );\n\t\t\t\t\tdocument.currentScript?.remove();\n\t\t\t\t} )();\n\t\t\t<\/script><\/div><!-- .wpforms-field-container --><div class=\"wpforms-submit-container\" ><input type=\"hidden\" name=\"wpforms[id]\" value=\"73662\"><input type=\"hidden\" name=\"page_title\" value=\"\"><input type=\"hidden\" name=\"page_url\" value=\"https:\/\/makeisoluciones.com\/staging\/5768\/wp-json\/wp\/v2\/pages\/6\"><input type=\"hidden\" name=\"url_referer\" value=\"\"><button type=\"submit\" name=\"wpforms[submit]\" id=\"wpforms-submit-73662\" class=\"wpforms-submit\" data-alt-text=\"Enviando...\" data-submit-text=\"Enviar\" aria-live=\"assertive\" value=\"wpforms-submit\">Enviar<\/button><img decoding=\"async\" src=\"https:\/\/makeisoluciones.com\/staging\/5768\/wp-content\/plugins\/wpforms-lite\/assets\/images\/submit-spin.svg\" class=\"wpforms-submit-spinner\" style=\"display: none;\" width=\"26\" height=\"26\" alt=\"Cargando\"><\/div><input\n                    class=\"apbct_special_field apbct_email_id__wp_wpforms\"\n                    name=\"apbct__email_id__wp_wpforms\"\n                    aria-label=\"apbct__label_id__wp_wpforms\"\n                    type=\"text\" size=\"30\" maxlength=\"200\" autocomplete=\"off\"\n                    value=\"\"\n                \/><\/form><\/div>  <!-- .wpforms-container -->[\/vc_column][vc_column width=&#8221;1\/2&#8243;][vc_single_image image=&#8221;73625&#8243; img_size=&#8221;1050X1150&#8243; alignment=&#8221;center&#8221; css=&#8221;&#8221;][\/vc_column][\/vc_row][vc_row][vc_column width=&#8221;1\/2&#8243;][vc_empty_space height=&#8221;60px&#8221;][vc_column_text css=&#8221;&#8221;]<\/p>\n<h4><strong>VIS\u00cdTANOS\u00a0<\/strong><\/h4>\n<p>[\/vc_column_text][\/vc_column][vc_column width=&#8221;1\/2&#8243;][\/vc_column][\/vc_row][vc_row][vc_column][vc_empty_space height=&#8221;60px&#8221;][vc_gmaps link=&#8221;#E-8_JTNDaWZyYW1lJTIwc3JjJTNEJTIyaHR0cHMlM0ElMkYlMkZ3d3cuZ29vZ2xlLmNvbSUyRm1hcHMlMkZlbWJlZCUzRnBiJTNEJTIxMW0xOCUyMTFtMTIlMjExbTMlMjExZDM5MTYuMTgxMTgyMzY5Njc0NCUyMTJkLTc0LjgwNTQ3MTEyNDEwNzA5JTIxM2QxMS4wMjUwMjkxNTQ1NTcxNzIlMjEybTMlMjExZjAlMjEyZjAlMjEzZjAlMjEzbTIlMjExaTEwMjQlMjEyaTc2OCUyMTRmMTMuMSUyMTNtMyUyMTFtMiUyMTFzMHg4ZWY0MmQ3NzJiMTUwYzliJTI1M0EweGY5OWVhOTE4N2ViNDJlYTglMjEyc01ha2VpJTI1MjBTb2x1Y2lvbmVzJTIxNWUwJTIxM20yJTIxMXNlcyUyMTJzY28lMjE0djE3NDcwNzY5MDQwNDUlMjE1bTIlMjExc2VzJTIxMnNjbyUyMiUyMHdpZHRoJTNEJTIyNDAwJTIyJTIwaGVpZ2h0JTNEJTIyMzAwJTIyJTIwc3R5bGUlM0QlMjJib3JkZXIlM0EwJTNCJTIyJTIwYWxsb3dmdWxsc2NyZWVuJTNEJTIyJTIyJTIwbG9hZGluZyUzRCUyMmxhenklMjIlMjByZWZlcnJlcnBvbGljeSUzRCUyMm5vLXJlZmVycmVyLXdoZW4tZG93bmdyYWRlJTIyJTNFJTNDJTJGaWZyYW1lJTNF&#8221; css=&#8221;&#8221;][\/vc_column][\/vc_row][vc_row][vc_column width=&#8221;1\/2&#8243;][vc_single_image image=&#8221;73692&#8243; img_size=&#8221;1000X500px&#8221; alignment=&#8221;center&#8221; css=&#8221;&#8221;][\/vc_column][vc_column width=&#8221;1\/2&#8243;][vc_empty_space height=&#8221;280px&#8221;][vc_btn title=&#8221;Clic Aqu\u00ed&#8221; color=&#8221;inverse&#8221; css=&#8221;&#8221; link=&#8221;url:https%3A%2F%2Fwa.link%2Fv5pbo9|target:_blank&#8221;][\/vc_column][\/vc_row][vc_row][vc_column][\/vc_column][\/vc_row]<\/p>\n<\/div>","protected":false},"excerpt":{"rendered":"<p>[vc_row][vc_column][vc_empty_space height=&#8221;80px&#8221;][\/vc_column][\/vc_row][vc_row][vc_column][vc_column_text css=&#8221;&#8221;] CONT\u00c1CTO [\/vc_column_text][\/vc_column][\/vc_row][vc_row type=&#8221;container&#8221;][vc_column width=&#8221;1\/2&#8243;][vc_empty_space height=&#8221;45px&#8221;][vc_column_text css=&#8221;&#8221;]Hola! Ser\u00e1 un gusto para nosotros resolver todas tus inquietudes. Por favor cont\u00e1ctanos por nuestras l\u00edneas telef\u00f3nicas (+57 301 4989582\u00a0\/+57 301 4921813 \/ (605) 3452054 ) o diligencia el siguiente formulario y nos comunicaremos lo m\u00e1s pronto posible. MAKEI Soluciones y\u00a0Asesor\u00edas V\u00eda 40#83-25, Bodega 1. Barranquilla, Colombia &#8230; <\/p>\n<p class=\"read-more-container\"><a title=\"Cont\u00e1ctanos\" class=\"read-more button\" href=\"https:\/\/makeisoluciones.com\/staging\/5768\/contactanos\/#more-6\" aria-label=\"Read more about Cont\u00e1ctanos\">Leer m\u00e1s <\/a><\/p>\n","protected":false},"author":1,"featured_media":0,"parent":0,"menu_order":0,"comment_status":"closed","ping_status":"closed","template":"","meta":{"_acf_changed":false,"nf_dc_page":"","om_disable_all_campaigns":false,"footnotes":""},"class_list":["post-6","page","type-page","status-publish"],"acf":[],"yoast_head":"<!-- This site is optimized with the Yoast SEO plugin v27.4 - https:\/\/yoast.com\/product\/yoast-seo-wordpress\/ -->\n<title>Cont\u00e1ctanos - MAKEI<\/title>\n<meta name=\"description\" content=\"Ser\u00e1 un gusto aclarar cualquier duda o entregar informacion adicional, contactanos para mas informacion\" \/>\n<meta name=\"robots\" content=\"index, follow, max-snippet:-1, max-image-preview:large, max-video-preview:-1\" \/>\n<link rel=\"canonical\" href=\"https:\/\/makeisoluciones.com\/staging\/5768\/contactanos\/\" \/>\n<meta property=\"og:locale\" content=\"es_ES\" \/>\n<meta property=\"og:type\" content=\"article\" \/>\n<meta property=\"og:title\" content=\"Cont\u00e1ctanos - MAKEI\" \/>\n<meta property=\"og:description\" content=\"Ser\u00e1 un gusto aclarar cualquier duda o entregar informacion adicional, contactanos para mas informacion\" \/>\n<meta property=\"og:url\" content=\"https:\/\/makeisoluciones.com\/staging\/5768\/contactanos\/\" \/>\n<meta property=\"og:site_name\" content=\"MAKEI\" \/>\n<meta property=\"article:publisher\" content=\"https:\/\/www.facebook.com\/Makeisoluciones\" \/>\n<meta property=\"article:modified_time\" content=\"2025-05-15T18:52:12+00:00\" \/>\n<meta name=\"twitter:card\" content=\"summary_large_image\" \/>\n<meta name=\"twitter:label1\" content=\"Tiempo de lectura\" \/>\n\t<meta name=\"twitter:data1\" content=\"1 minuto\" \/>\n<script type=\"application\/ld+json\" class=\"yoast-schema-graph\">{\"@context\":\"https:\\\/\\\/schema.org\",\"@graph\":[{\"@type\":\"WebPage\",\"@id\":\"https:\\\/\\\/makeisoluciones.com\\\/staging\\\/5768\\\/contactanos\\\/\",\"url\":\"https:\\\/\\\/makeisoluciones.com\\\/staging\\\/5768\\\/contactanos\\\/\",\"name\":\"Cont\u00e1ctanos - MAKEI\",\"isPartOf\":{\"@id\":\"https:\\\/\\\/makeisoluciones.com\\\/#website\"},\"datePublished\":\"2018-01-21T08:55:57+00:00\",\"dateModified\":\"2025-05-15T18:52:12+00:00\",\"description\":\"Ser\u00e1 un gusto aclarar cualquier duda o entregar informacion adicional, contactanos para mas informacion\",\"breadcrumb\":{\"@id\":\"https:\\\/\\\/makeisoluciones.com\\\/staging\\\/5768\\\/contactanos\\\/#breadcrumb\"},\"inLanguage\":\"es-CO\",\"potentialAction\":[{\"@type\":\"ReadAction\",\"target\":[\"https:\\\/\\\/makeisoluciones.com\\\/staging\\\/5768\\\/contactanos\\\/\"]}]},{\"@type\":\"BreadcrumbList\",\"@id\":\"https:\\\/\\\/makeisoluciones.com\\\/staging\\\/5768\\\/contactanos\\\/#breadcrumb\",\"itemListElement\":[{\"@type\":\"ListItem\",\"position\":1,\"name\":\"Inicio\",\"item\":\"https:\\\/\\\/makeisoluciones.com\\\/staging\\\/5768\\\/\"},{\"@type\":\"ListItem\",\"position\":2,\"name\":\"Cont\u00e1ctanos\"}]},{\"@type\":\"WebSite\",\"@id\":\"https:\\\/\\\/makeisoluciones.com\\\/#website\",\"url\":\"https:\\\/\\\/makeisoluciones.com\\\/\",\"name\":\"MAKEI\",\"description\":\"SOLUCIONES Y ASESORIAS\",\"publisher\":{\"@id\":\"https:\\\/\\\/makeisoluciones.com\\\/#organization\"},\"potentialAction\":[{\"@type\":\"SearchAction\",\"target\":{\"@type\":\"EntryPoint\",\"urlTemplate\":\"https:\\\/\\\/makeisoluciones.com\\\/?s={search_term_string}\"},\"query-input\":{\"@type\":\"PropertyValueSpecification\",\"valueRequired\":true,\"valueName\":\"search_term_string\"}}],\"inLanguage\":\"es-CO\"},{\"@type\":\"Organization\",\"@id\":\"https:\\\/\\\/makeisoluciones.com\\\/#organization\",\"name\":\"Makei Soluciones\",\"url\":\"https:\\\/\\\/makeisoluciones.com\\\/\",\"logo\":{\"@type\":\"ImageObject\",\"inLanguage\":\"es-CO\",\"@id\":\"https:\\\/\\\/makeisoluciones.com\\\/#\\\/schema\\\/logo\\\/image\\\/\",\"url\":\"https:\\\/\\\/makeisoluciones.com\\\/staging\\\/5768\\\/wp-content\\\/uploads\\\/2018\\\/03\\\/horizontal-LOGO.jpg\",\"contentUrl\":\"https:\\\/\\\/makeisoluciones.com\\\/staging\\\/5768\\\/wp-content\\\/uploads\\\/2018\\\/03\\\/horizontal-LOGO.jpg\",\"width\":673,\"height\":217,\"caption\":\"Makei Soluciones\"},\"image\":{\"@id\":\"https:\\\/\\\/makeisoluciones.com\\\/#\\\/schema\\\/logo\\\/image\\\/\"},\"sameAs\":[\"https:\\\/\\\/www.facebook.com\\\/Makeisoluciones\",\"https:\\\/\\\/www.instagram.com\\\/makeisoluciones\\\/?igshid=1tw8mbfoluach\",\"https:\\\/\\\/co.linkedin.com\\\/company\\\/makei-soluciones?trk=public_profile_topcard-current-company\"]}]}<\/script>\n<!-- \/ Yoast SEO plugin. -->","yoast_head_json":{"title":"Cont\u00e1ctanos - MAKEI","description":"Ser\u00e1 un gusto aclarar cualquier duda o entregar informacion adicional, contactanos para mas informacion","robots":{"index":"index","follow":"follow","max-snippet":"max-snippet:-1","max-image-preview":"max-image-preview:large","max-video-preview":"max-video-preview:-1"},"canonical":"https:\/\/makeisoluciones.com\/staging\/5768\/contactanos\/","og_locale":"es_ES","og_type":"article","og_title":"Cont\u00e1ctanos - MAKEI","og_description":"Ser\u00e1 un gusto aclarar cualquier duda o entregar informacion adicional, contactanos para mas informacion","og_url":"https:\/\/makeisoluciones.com\/staging\/5768\/contactanos\/","og_site_name":"MAKEI","article_publisher":"https:\/\/www.facebook.com\/Makeisoluciones","article_modified_time":"2025-05-15T18:52:12+00:00","twitter_card":"summary_large_image","twitter_misc":{"Tiempo de lectura":"1 minuto"},"schema":{"@context":"https:\/\/schema.org","@graph":[{"@type":"WebPage","@id":"https:\/\/makeisoluciones.com\/staging\/5768\/contactanos\/","url":"https:\/\/makeisoluciones.com\/staging\/5768\/contactanos\/","name":"Cont\u00e1ctanos - MAKEI","isPartOf":{"@id":"https:\/\/makeisoluciones.com\/#website"},"datePublished":"2018-01-21T08:55:57+00:00","dateModified":"2025-05-15T18:52:12+00:00","description":"Ser\u00e1 un gusto aclarar cualquier duda o entregar informacion adicional, contactanos para mas informacion","breadcrumb":{"@id":"https:\/\/makeisoluciones.com\/staging\/5768\/contactanos\/#breadcrumb"},"inLanguage":"es-CO","potentialAction":[{"@type":"ReadAction","target":["https:\/\/makeisoluciones.com\/staging\/5768\/contactanos\/"]}]},{"@type":"BreadcrumbList","@id":"https:\/\/makeisoluciones.com\/staging\/5768\/contactanos\/#breadcrumb","itemListElement":[{"@type":"ListItem","position":1,"name":"Inicio","item":"https:\/\/makeisoluciones.com\/staging\/5768\/"},{"@type":"ListItem","position":2,"name":"Cont\u00e1ctanos"}]},{"@type":"WebSite","@id":"https:\/\/makeisoluciones.com\/#website","url":"https:\/\/makeisoluciones.com\/","name":"MAKEI","description":"SOLUCIONES Y ASESORIAS","publisher":{"@id":"https:\/\/makeisoluciones.com\/#organization"},"potentialAction":[{"@type":"SearchAction","target":{"@type":"EntryPoint","urlTemplate":"https:\/\/makeisoluciones.com\/?s={search_term_string}"},"query-input":{"@type":"PropertyValueSpecification","valueRequired":true,"valueName":"search_term_string"}}],"inLanguage":"es-CO"},{"@type":"Organization","@id":"https:\/\/makeisoluciones.com\/#organization","name":"Makei Soluciones","url":"https:\/\/makeisoluciones.com\/","logo":{"@type":"ImageObject","inLanguage":"es-CO","@id":"https:\/\/makeisoluciones.com\/#\/schema\/logo\/image\/","url":"https:\/\/makeisoluciones.com\/staging\/5768\/wp-content\/uploads\/2018\/03\/horizontal-LOGO.jpg","contentUrl":"https:\/\/makeisoluciones.com\/staging\/5768\/wp-content\/uploads\/2018\/03\/horizontal-LOGO.jpg","width":673,"height":217,"caption":"Makei Soluciones"},"image":{"@id":"https:\/\/makeisoluciones.com\/#\/schema\/logo\/image\/"},"sameAs":["https:\/\/www.facebook.com\/Makeisoluciones","https:\/\/www.instagram.com\/makeisoluciones\/?igshid=1tw8mbfoluach","https:\/\/co.linkedin.com\/company\/makei-soluciones?trk=public_profile_topcard-current-company"]}]}},"_links":{"self":[{"href":"https:\/\/makeisoluciones.com\/staging\/5768\/wp-json\/wp\/v2\/pages\/6","targetHints":{"allow":["GET"]}}],"collection":[{"href":"https:\/\/makeisoluciones.com\/staging\/5768\/wp-json\/wp\/v2\/pages"}],"about":[{"href":"https:\/\/makeisoluciones.com\/staging\/5768\/wp-json\/wp\/v2\/types\/page"}],"author":[{"embeddable":true,"href":"https:\/\/makeisoluciones.com\/staging\/5768\/wp-json\/wp\/v2\/users\/1"}],"replies":[{"embeddable":true,"href":"https:\/\/makeisoluciones.com\/staging\/5768\/wp-json\/wp\/v2\/comments?post=6"}],"version-history":[{"count":24,"href":"https:\/\/makeisoluciones.com\/staging\/5768\/wp-json\/wp\/v2\/pages\/6\/revisions"}],"predecessor-version":[{"id":73693,"href":"https:\/\/makeisoluciones.com\/staging\/5768\/wp-json\/wp\/v2\/pages\/6\/revisions\/73693"}],"wp:attachment":[{"href":"https:\/\/makeisoluciones.com\/staging\/5768\/wp-json\/wp\/v2\/media?parent=6"}],"curies":[{"name":"wp","href":"https:\/\/api.w.org\/{rel}","templated":true}]}}