{"id":70741,"date":"2015-11-25T12:11:24","date_gmt":"2015-11-25T12:11:24","guid":{"rendered":"http:\/\/factory.commercegurus.com\/?page_id=70741"},"modified":"2025-05-16T13:57:16","modified_gmt":"2025-05-16T18:57:16","slug":"cotizar","status":"publish","type":"page","link":"https:\/\/makeisoluciones.com\/staging\/5768\/cotizar\/","title":{"rendered":"Cotizar"},"content":{"rendered":"<div class=\"wpb-content-wrapper\"><p>[vc_row][vc_column][vc_empty_space height=&#8221;95px&#8221;][vc_column_text css=&#8221;&#8221;]<\/p>\n<blockquote>\n<h3>&#8220;\u00a1Solicita tu cotizaci\u00f3n ahora y s\u00famate a quienes ya conf\u00edan en la calidad <span style=\"color: #19889e;\">MAKEI<\/span>! Soluciones reales, respaldo total.&#8221;<\/h3>\n<\/blockquote>\n<p>[\/vc_column_text][vc_row_inner][vc_column_inner width=&#8221;1\/2&#8243;][vc_empty_space]<style id=\"wpforms-css-vars-73654\">\n\t\t\t\t#wpforms-73654 {\n\t\t\t\t\n\t\t\t}\n\t\t\t<\/style><div class=\"wpforms-container wpforms-container-full wpforms-render-modern\" id=\"wpforms-73654\"><form id=\"wpforms-form-73654\" class=\"wpforms-validate wpforms-form wpforms-ajax-form\" data-formid=\"73654\" method=\"post\" enctype=\"multipart\/form-data\" action=\"\/staging\/5768\/wp-json\/wp\/v2\/pages\/70741?wpforms_form_id=73654\" data-token=\"ec084bffd5a1a9eabfe4bac2ec32ffb1\" data-token-time=\"1776956552\"><noscript class=\"wpforms-error-noscript\">Por favor, activa JavaScript en tu navegador para completar este formulario.<\/noscript><div id=\"wpforms-error-noscript\" style=\"display: none;\">Por favor, activa JavaScript en tu navegador para completar este formulario.<\/div><div class=\"wpforms-field-container\"><div id=\"wpforms-73654-field_1-container\" class=\"wpforms-field wpforms-field-name\" data-field-id=\"1\"><fieldset><legend class=\"wpforms-field-label\">Nombre completo <span class=\"wpforms-required-label\" aria-hidden=\"true\">*<\/span><\/legend><div class=\"wpforms-field-row wpforms-field-medium\"><div class=\"wpforms-field-row-block wpforms-first wpforms-one-half\"><input type=\"text\" id=\"wpforms-73654-field_1\" class=\"wpforms-field-name-first wpforms-field-required\" name=\"wpforms[fields][1][first]\" aria-errormessage=\"wpforms-73654-field_1-error\" required><label for=\"wpforms-73654-field_1\" class=\"wpforms-field-sublabel after\">Nombre<\/label><\/div><div class=\"wpforms-field-row-block wpforms-one-half\"><input type=\"text\" id=\"wpforms-73654-field_1-last\" class=\"wpforms-field-name-last wpforms-field-required\" name=\"wpforms[fields][1][last]\" aria-errormessage=\"wpforms-73654-field_1-last-error\" required><label for=\"wpforms-73654-field_1-last\" class=\"wpforms-field-sublabel after\">Apellidos<\/label><\/div><\/div><\/fieldset><\/div><div id=\"wpforms-73654-field_2-container\" class=\"wpforms-field wpforms-field-email\" data-field-id=\"2\"><label class=\"wpforms-field-label\" for=\"wpforms-73654-field_2\">Correo Electr\u00f3nico <span class=\"wpforms-required-label\" aria-hidden=\"true\">*<\/span><\/label><input type=\"email\" id=\"wpforms-73654-field_2\" class=\"wpforms-field-medium wpforms-field-required\" name=\"wpforms[fields][2]\" spellcheck=\"false\" aria-errormessage=\"wpforms-73654-field_2-error\" required><\/div><div id=\"wpforms-73654-field_4-container\" class=\"wpforms-field wpforms-field-textarea\" data-field-id=\"4\"><label class=\"wpforms-field-label\" for=\"wpforms-73654-field_4\">Descripci\u00f3n del Proyecto <span class=\"wpforms-required-label\" aria-hidden=\"true\">*<\/span><\/label><textarea id=\"wpforms-73654-field_4\" class=\"wpforms-field-medium wpforms-field-required\" name=\"wpforms[fields][4]\" aria-errormessage=\"wpforms-73654-field_4-error\" required><\/textarea><\/div><div id=\"wpforms-73654-field_7-container\" class=\"wpforms-field wpforms-field-select wpforms-field-select-style-classic\" data-field-id=\"7\"><label class=\"wpforms-field-label\" for=\"wpforms-73654-field_7\">Urgencia del Proyecto <span class=\"wpforms-required-label\" aria-hidden=\"true\">*<\/span><\/label><select id=\"wpforms-73654-field_7\" class=\"wpforms-field-medium wpforms-field-required\" name=\"wpforms[fields][7]\" required=\"required\"><option value=\"Alta\"  class=\"choice-1 depth-1\"  >Alta<\/option><option value=\"Media\"  class=\"choice-2 depth-1\"  >Media<\/option><option value=\"Baja\"  class=\"choice-3 depth-1\"  >Baja<\/option><\/select><\/div><\/div><!-- .wpforms-field-container --><div class=\"wpforms-submit-container\" ><input type=\"hidden\" name=\"wpforms[id]\" value=\"73654\"><input type=\"hidden\" name=\"page_title\" value=\"\"><input type=\"hidden\" name=\"page_url\" value=\"https:\/\/makeisoluciones.com\/staging\/5768\/wp-json\/wp\/v2\/pages\/70741\"><input type=\"hidden\" name=\"url_referer\" value=\"\"><button type=\"submit\" name=\"wpforms[submit]\" id=\"wpforms-submit-73654\" class=\"wpforms-submit\" data-alt-text=\"Enviando...\" data-submit-text=\"Enviar Cotizaci\u00f3n\" aria-live=\"assertive\" value=\"wpforms-submit\">Enviar Cotizaci\u00f3n<\/button><img decoding=\"async\" src=\"https:\/\/makeisoluciones.com\/staging\/5768\/wp-content\/plugins\/wpforms-lite\/assets\/images\/submit-spin.svg\" class=\"wpforms-submit-spinner\" style=\"display: none;\" width=\"26\" height=\"26\" alt=\"Cargando\"><\/div><input\n                    class=\"apbct_special_field apbct_email_id__wp_wpforms\"\n                    name=\"apbct__email_id__wp_wpforms\"\n                    aria-label=\"apbct__label_id__wp_wpforms\"\n                    type=\"text\" size=\"30\" maxlength=\"200\" autocomplete=\"off\"\n                    value=\"\"\n                \/><\/form><\/div>  <!-- .wpforms-container -->[\/vc_column_inner][vc_column_inner width=&#8221;1\/2&#8243;][vc_column_text css_animation=&#8221;bottom-to-top&#8221; css=&#8221;&#8221;]<\/p>\n<h4 style=\"text-align: center;\"><strong>LAS MEJORES MARCAS NOS RESPALDAN\u00a0<\/strong><\/h4>\n<p>[\/vc_column_text][vc_empty_space height=&#8221;50px&#8221;][vc_column_text css=&#8221;&#8221;]En <strong>MAKEI<\/strong> Soluciones, contamos con el respaldo de las mejores marcas del mercado, lo que garantiza la calidad, durabilidad y rendimiento de cada uno de nuestros productos. Esta alianza con l\u00edderes reconocidos en la industria nos permite ofrecer soluciones confiables y eficientes, pensadas para superar las expectativas de nuestros clientes.<\/p>\n<div><\/div>\n<p>[\/vc_column_text][vc_single_image image=&#8221;73652&#8243; img_size=&#8221;800 x 600&#8243; alignment=&#8221;center&#8221; css=&#8221;&#8221;][vc_btn title=&#8221;Clic aqu\u00ed para cotizar&#8221; color=&#8221;black&#8221; align=&#8221;left&#8221; css=&#8221;&#8221; link=&#8221;url:https%3A%2F%2Fw.app%2Fuvvs7j|target:_blank&#8221;][\/vc_column_inner][\/vc_row_inner][vc_column_text css=&#8221;&#8221;]<\/p>\n<blockquote>\n<p>Por que sabemos que necesitas lo mejor para tu trabajo, estas son algunas de nuestras alianzas.<\/p>\n<\/blockquote>\n<p>[\/vc_column_text][vc_single_image image=&#8221;73668&#8243; img_size=&#8221;1645X100px&#8221; alignment=&#8221;center&#8221; css=&#8221;&#8221;][\/vc_column][\/vc_row][vc_row][vc_column][\/vc_column][\/vc_row]<\/p>\n<\/div>","protected":false},"excerpt":{"rendered":"<p>[vc_row][vc_column][vc_empty_space height=&#8221;95px&#8221;][vc_column_text css=&#8221;&#8221;] &#8220;\u00a1Solicita tu cotizaci\u00f3n ahora y s\u00famate a quienes ya conf\u00edan en la calidad MAKEI! Soluciones reales, respaldo total.&#8221; [\/vc_column_text][vc_row_inner][vc_column_inner width=&#8221;1\/2&#8243;][vc_empty_space][\/vc_column_inner][vc_column_inner width=&#8221;1\/2&#8243;][vc_column_text css_animation=&#8221;bottom-to-top&#8221; css=&#8221;&#8221;] LAS MEJORES MARCAS NOS RESPALDAN\u00a0 [\/vc_column_text][vc_empty_space height=&#8221;50px&#8221;][vc_column_text css=&#8221;&#8221;]En MAKEI Soluciones, contamos con el respaldo de las mejores marcas del mercado, lo que garantiza la calidad, durabilidad y rendimiento de &#8230; <\/p>\n<p class=\"read-more-container\"><a title=\"Cotizar\" class=\"read-more button\" href=\"https:\/\/makeisoluciones.com\/staging\/5768\/cotizar\/#more-70741\" aria-label=\"Read more about Cotizar\">Leer m\u00e1s <\/a><\/p>\n","protected":false},"author":1,"featured_media":0,"parent":0,"menu_order":0,"comment_status":"closed","ping_status":"closed","template":"","meta":{"_acf_changed":false,"nf_dc_page":"","om_disable_all_campaigns":false,"footnotes":""},"class_list":["post-70741","page","type-page","status-publish"],"acf":[],"yoast_head":"<!-- This site is optimized with the Yoast SEO plugin v27.4 - https:\/\/yoast.com\/product\/yoast-seo-wordpress\/ -->\n<title>Cotizar - MAKEI<\/title>\n<meta name=\"robots\" content=\"index, follow, max-snippet:-1, max-image-preview:large, max-video-preview:-1\" \/>\n<link rel=\"canonical\" href=\"https:\/\/makeisoluciones.com\/staging\/5768\/cotizar\/\" \/>\n<meta property=\"og:locale\" content=\"es_ES\" \/>\n<meta property=\"og:type\" content=\"article\" \/>\n<meta property=\"og:title\" content=\"Cotizar - MAKEI\" \/>\n<meta property=\"og:description\" content=\"[vc_row][vc_column][vc_empty_space height=&#8221;95px&#8221;][vc_column_text css=&#8221;&#8221;] &#8220;\u00a1Solicita tu cotizaci\u00f3n ahora y s\u00famate a quienes ya conf\u00edan en la calidad MAKEI! Soluciones reales, respaldo total.&#8221; [\/vc_column_text][vc_row_inner][vc_column_inner width=&#8221;1\/2&#8243;][vc_empty_space][\/vc_column_inner][vc_column_inner width=&#8221;1\/2&#8243;][vc_column_text css_animation=&#8221;bottom-to-top&#8221; css=&#8221;&#8221;] LAS MEJORES MARCAS NOS RESPALDAN\u00a0 [\/vc_column_text][vc_empty_space height=&#8221;50px&#8221;][vc_column_text css=&#8221;&#8221;]En MAKEI Soluciones, contamos con el respaldo de las mejores marcas del mercado, lo que garantiza la calidad, durabilidad y rendimiento de ... Leer m\u00e1s\" \/>\n<meta property=\"og:url\" content=\"https:\/\/makeisoluciones.com\/staging\/5768\/cotizar\/\" \/>\n<meta property=\"og:site_name\" content=\"MAKEI\" \/>\n<meta property=\"article:publisher\" content=\"https:\/\/www.facebook.com\/Makeisoluciones\" \/>\n<meta property=\"article:modified_time\" content=\"2025-05-16T18:57:16+00:00\" \/>\n<meta name=\"twitter:card\" content=\"summary_large_image\" \/>\n<meta name=\"twitter:label1\" content=\"Tiempo de lectura\" \/>\n\t<meta name=\"twitter:data1\" content=\"1 minuto\" \/>\n<script type=\"application\/ld+json\" class=\"yoast-schema-graph\">{\"@context\":\"https:\\\/\\\/schema.org\",\"@graph\":[{\"@type\":\"WebPage\",\"@id\":\"https:\\\/\\\/makeisoluciones.com\\\/staging\\\/5768\\\/cotizar\\\/\",\"url\":\"https:\\\/\\\/makeisoluciones.com\\\/staging\\\/5768\\\/cotizar\\\/\",\"name\":\"Cotizar - MAKEI\",\"isPartOf\":{\"@id\":\"https:\\\/\\\/makeisoluciones.com\\\/#website\"},\"datePublished\":\"2015-11-25T12:11:24+00:00\",\"dateModified\":\"2025-05-16T18:57:16+00:00\",\"breadcrumb\":{\"@id\":\"https:\\\/\\\/makeisoluciones.com\\\/staging\\\/5768\\\/cotizar\\\/#breadcrumb\"},\"inLanguage\":\"es-CO\",\"potentialAction\":[{\"@type\":\"ReadAction\",\"target\":[\"https:\\\/\\\/makeisoluciones.com\\\/staging\\\/5768\\\/cotizar\\\/\"]}]},{\"@type\":\"BreadcrumbList\",\"@id\":\"https:\\\/\\\/makeisoluciones.com\\\/staging\\\/5768\\\/cotizar\\\/#breadcrumb\",\"itemListElement\":[{\"@type\":\"ListItem\",\"position\":1,\"name\":\"Inicio\",\"item\":\"https:\\\/\\\/makeisoluciones.com\\\/staging\\\/5768\\\/\"},{\"@type\":\"ListItem\",\"position\":2,\"name\":\"Cotizar\"}]},{\"@type\":\"WebSite\",\"@id\":\"https:\\\/\\\/makeisoluciones.com\\\/#website\",\"url\":\"https:\\\/\\\/makeisoluciones.com\\\/\",\"name\":\"MAKEI\",\"description\":\"SOLUCIONES Y ASESORIAS\",\"publisher\":{\"@id\":\"https:\\\/\\\/makeisoluciones.com\\\/#organization\"},\"potentialAction\":[{\"@type\":\"SearchAction\",\"target\":{\"@type\":\"EntryPoint\",\"urlTemplate\":\"https:\\\/\\\/makeisoluciones.com\\\/?s={search_term_string}\"},\"query-input\":{\"@type\":\"PropertyValueSpecification\",\"valueRequired\":true,\"valueName\":\"search_term_string\"}}],\"inLanguage\":\"es-CO\"},{\"@type\":\"Organization\",\"@id\":\"https:\\\/\\\/makeisoluciones.com\\\/#organization\",\"name\":\"Makei Soluciones\",\"url\":\"https:\\\/\\\/makeisoluciones.com\\\/\",\"logo\":{\"@type\":\"ImageObject\",\"inLanguage\":\"es-CO\",\"@id\":\"https:\\\/\\\/makeisoluciones.com\\\/#\\\/schema\\\/logo\\\/image\\\/\",\"url\":\"https:\\\/\\\/makeisoluciones.com\\\/staging\\\/5768\\\/wp-content\\\/uploads\\\/2018\\\/03\\\/horizontal-LOGO.jpg\",\"contentUrl\":\"https:\\\/\\\/makeisoluciones.com\\\/staging\\\/5768\\\/wp-content\\\/uploads\\\/2018\\\/03\\\/horizontal-LOGO.jpg\",\"width\":673,\"height\":217,\"caption\":\"Makei Soluciones\"},\"image\":{\"@id\":\"https:\\\/\\\/makeisoluciones.com\\\/#\\\/schema\\\/logo\\\/image\\\/\"},\"sameAs\":[\"https:\\\/\\\/www.facebook.com\\\/Makeisoluciones\",\"https:\\\/\\\/www.instagram.com\\\/makeisoluciones\\\/?igshid=1tw8mbfoluach\",\"https:\\\/\\\/co.linkedin.com\\\/company\\\/makei-soluciones?trk=public_profile_topcard-current-company\"]}]}<\/script>\n<!-- \/ Yoast SEO plugin. -->","yoast_head_json":{"title":"Cotizar - MAKEI","robots":{"index":"index","follow":"follow","max-snippet":"max-snippet:-1","max-image-preview":"max-image-preview:large","max-video-preview":"max-video-preview:-1"},"canonical":"https:\/\/makeisoluciones.com\/staging\/5768\/cotizar\/","og_locale":"es_ES","og_type":"article","og_title":"Cotizar - MAKEI","og_description":"[vc_row][vc_column][vc_empty_space height=&#8221;95px&#8221;][vc_column_text css=&#8221;&#8221;] &#8220;\u00a1Solicita tu cotizaci\u00f3n ahora y s\u00famate a quienes ya conf\u00edan en la calidad MAKEI! Soluciones reales, respaldo total.&#8221; [\/vc_column_text][vc_row_inner][vc_column_inner width=&#8221;1\/2&#8243;][vc_empty_space][\/vc_column_inner][vc_column_inner width=&#8221;1\/2&#8243;][vc_column_text css_animation=&#8221;bottom-to-top&#8221; css=&#8221;&#8221;] LAS MEJORES MARCAS NOS RESPALDAN\u00a0 [\/vc_column_text][vc_empty_space height=&#8221;50px&#8221;][vc_column_text css=&#8221;&#8221;]En MAKEI Soluciones, contamos con el respaldo de las mejores marcas del mercado, lo que garantiza la calidad, durabilidad y rendimiento de ... Leer m\u00e1s","og_url":"https:\/\/makeisoluciones.com\/staging\/5768\/cotizar\/","og_site_name":"MAKEI","article_publisher":"https:\/\/www.facebook.com\/Makeisoluciones","article_modified_time":"2025-05-16T18:57:16+00:00","twitter_card":"summary_large_image","twitter_misc":{"Tiempo de lectura":"1 minuto"},"schema":{"@context":"https:\/\/schema.org","@graph":[{"@type":"WebPage","@id":"https:\/\/makeisoluciones.com\/staging\/5768\/cotizar\/","url":"https:\/\/makeisoluciones.com\/staging\/5768\/cotizar\/","name":"Cotizar - MAKEI","isPartOf":{"@id":"https:\/\/makeisoluciones.com\/#website"},"datePublished":"2015-11-25T12:11:24+00:00","dateModified":"2025-05-16T18:57:16+00:00","breadcrumb":{"@id":"https:\/\/makeisoluciones.com\/staging\/5768\/cotizar\/#breadcrumb"},"inLanguage":"es-CO","potentialAction":[{"@type":"ReadAction","target":["https:\/\/makeisoluciones.com\/staging\/5768\/cotizar\/"]}]},{"@type":"BreadcrumbList","@id":"https:\/\/makeisoluciones.com\/staging\/5768\/cotizar\/#breadcrumb","itemListElement":[{"@type":"ListItem","position":1,"name":"Inicio","item":"https:\/\/makeisoluciones.com\/staging\/5768\/"},{"@type":"ListItem","position":2,"name":"Cotizar"}]},{"@type":"WebSite","@id":"https:\/\/makeisoluciones.com\/#website","url":"https:\/\/makeisoluciones.com\/","name":"MAKEI","description":"SOLUCIONES Y ASESORIAS","publisher":{"@id":"https:\/\/makeisoluciones.com\/#organization"},"potentialAction":[{"@type":"SearchAction","target":{"@type":"EntryPoint","urlTemplate":"https:\/\/makeisoluciones.com\/?s={search_term_string}"},"query-input":{"@type":"PropertyValueSpecification","valueRequired":true,"valueName":"search_term_string"}}],"inLanguage":"es-CO"},{"@type":"Organization","@id":"https:\/\/makeisoluciones.com\/#organization","name":"Makei Soluciones","url":"https:\/\/makeisoluciones.com\/","logo":{"@type":"ImageObject","inLanguage":"es-CO","@id":"https:\/\/makeisoluciones.com\/#\/schema\/logo\/image\/","url":"https:\/\/makeisoluciones.com\/staging\/5768\/wp-content\/uploads\/2018\/03\/horizontal-LOGO.jpg","contentUrl":"https:\/\/makeisoluciones.com\/staging\/5768\/wp-content\/uploads\/2018\/03\/horizontal-LOGO.jpg","width":673,"height":217,"caption":"Makei Soluciones"},"image":{"@id":"https:\/\/makeisoluciones.com\/#\/schema\/logo\/image\/"},"sameAs":["https:\/\/www.facebook.com\/Makeisoluciones","https:\/\/www.instagram.com\/makeisoluciones\/?igshid=1tw8mbfoluach","https:\/\/co.linkedin.com\/company\/makei-soluciones?trk=public_profile_topcard-current-company"]}]}},"_links":{"self":[{"href":"https:\/\/makeisoluciones.com\/staging\/5768\/wp-json\/wp\/v2\/pages\/70741","targetHints":{"allow":["GET"]}}],"collection":[{"href":"https:\/\/makeisoluciones.com\/staging\/5768\/wp-json\/wp\/v2\/pages"}],"about":[{"href":"https:\/\/makeisoluciones.com\/staging\/5768\/wp-json\/wp\/v2\/types\/page"}],"author":[{"embeddable":true,"href":"https:\/\/makeisoluciones.com\/staging\/5768\/wp-json\/wp\/v2\/users\/1"}],"replies":[{"embeddable":true,"href":"https:\/\/makeisoluciones.com\/staging\/5768\/wp-json\/wp\/v2\/comments?post=70741"}],"version-history":[{"count":46,"href":"https:\/\/makeisoluciones.com\/staging\/5768\/wp-json\/wp\/v2\/pages\/70741\/revisions"}],"predecessor-version":[{"id":73699,"href":"https:\/\/makeisoluciones.com\/staging\/5768\/wp-json\/wp\/v2\/pages\/70741\/revisions\/73699"}],"wp:attachment":[{"href":"https:\/\/makeisoluciones.com\/staging\/5768\/wp-json\/wp\/v2\/media?parent=70741"}],"curies":[{"name":"wp","href":"https:\/\/api.w.org\/{rel}","templated":true}]}}