{"id":72782,"date":"2025-04-16T10:45:10","date_gmt":"2025-04-16T15:45:10","guid":{"rendered":"https:\/\/makeisoluciones.com\/staging\/5768\/?page_id=72782"},"modified":"2025-04-16T16:43:29","modified_gmt":"2025-04-16T21:43:29","slug":"hazte-socio","status":"publish","type":"page","link":"https:\/\/makeisoluciones.com\/staging\/5768\/hazte-socio\/","title":{"rendered":"Hazte Socio"},"content":{"rendered":"\n<p class=\"\"><\/p>\n\n\n\n<p class=\"\"><\/p>\n\n\n\n<figure class=\"wp-block-image size-full is-resized\"><img loading=\"lazy\" decoding=\"async\" width=\"720\" height=\"360\" loading=\"lazy\" src=\"https:\/\/makeisoluciones.com\/staging\/5768\/wp-content\/uploads\/2025\/04\/Que-gran-oportunidad.jpg\" alt=\"\" class=\"wp-image-72833\" style=\"width:999px;height:auto\" srcset=\"https:\/\/makeisoluciones.com\/staging\/5768\/wp-content\/uploads\/2025\/04\/Que-gran-oportunidad.jpg 720w, https:\/\/makeisoluciones.com\/staging\/5768\/wp-content\/uploads\/2025\/04\/Que-gran-oportunidad-300x150.jpg 300w, https:\/\/makeisoluciones.com\/staging\/5768\/wp-content\/uploads\/2025\/04\/Que-gran-oportunidad-600x300.jpg 600w\" sizes=\"auto, (max-width: 720px) 100vw, 720px\" \/><figcaption class=\"wp-element-caption\"><br><br>&#8220;S\u00famate a una alianza estrat\u00e9gica con experiencia comprobada, visi\u00f3n innovadora y proyecci\u00f3n global. Ser socio es solo el comienzo del \u00e9xito que construiremos juntos.&#8221;<\/figcaption><\/figure>\n","protected":false},"excerpt":{"rendered":"\"S\u00famate a una alianza estrat\u00e9gica con experiencia comprobada, visi\u00f3n innovadora y proyecci\u00f3n global. Ser socio es solo el comienzo del \u00e9xito que construiremos juntos.\"","protected":false},"author":2,"featured_media":0,"parent":0,"menu_order":0,"comment_status":"closed","ping_status":"closed","template":"","meta":{"_acf_changed":false,"nf_dc_page":"","om_disable_all_campaigns":false,"footnotes":""},"class_list":["post-72782","page","type-page","status-publish"],"acf":[],"yoast_head":"<!-- This site is optimized with the Yoast SEO plugin v27.4 - https:\/\/yoast.com\/product\/yoast-seo-wordpress\/ -->\n<title>Hazte Socio - MAKEI<\/title>\n<meta name=\"robots\" content=\"index, follow, max-snippet:-1, max-image-preview:large, max-video-preview:-1\" \/>\n<link rel=\"canonical\" href=\"https:\/\/makeisoluciones.com\/staging\/5768\/hazte-socio\/\" \/>\n<meta property=\"og:locale\" content=\"es_ES\" \/>\n<meta property=\"og:type\" content=\"article\" \/>\n<meta property=\"og:title\" content=\"Hazte Socio - MAKEI\" \/>\n<meta property=\"og:url\" content=\"https:\/\/makeisoluciones.com\/staging\/5768\/hazte-socio\/\" \/>\n<meta property=\"og:site_name\" content=\"MAKEI\" \/>\n<meta property=\"article:publisher\" content=\"https:\/\/www.facebook.com\/Makeisoluciones\" \/>\n<meta property=\"article:modified_time\" content=\"2025-04-16T21:43:29+00:00\" \/>\n<meta property=\"og:image\" content=\"https:\/\/makeisoluciones.com\/staging\/5768\/wp-content\/uploads\/2025\/04\/Que-gran-oportunidad.jpg\" \/>\n\t<meta property=\"og:image:width\" content=\"720\" \/>\n\t<meta property=\"og:image:height\" content=\"360\" \/>\n\t<meta property=\"og:image:type\" content=\"image\/jpeg\" \/>\n<meta name=\"twitter:card\" content=\"summary_large_image\" \/>\n<meta name=\"twitter:label1\" content=\"Tiempo de lectura\" \/>\n\t<meta name=\"twitter:data1\" content=\"1 minuto\" \/>\n<script type=\"application\/ld+json\" class=\"yoast-schema-graph\">{\"@context\":\"https:\\\/\\\/schema.org\",\"@graph\":[{\"@type\":\"WebPage\",\"@id\":\"https:\\\/\\\/makeisoluciones.com\\\/staging\\\/5768\\\/hazte-socio\\\/\",\"url\":\"https:\\\/\\\/makeisoluciones.com\\\/staging\\\/5768\\\/hazte-socio\\\/\",\"name\":\"Hazte Socio - MAKEI\",\"isPartOf\":{\"@id\":\"https:\\\/\\\/makeisoluciones.com\\\/#website\"},\"primaryImageOfPage\":{\"@id\":\"https:\\\/\\\/makeisoluciones.com\\\/staging\\\/5768\\\/hazte-socio\\\/#primaryimage\"},\"image\":{\"@id\":\"https:\\\/\\\/makeisoluciones.com\\\/staging\\\/5768\\\/hazte-socio\\\/#primaryimage\"},\"thumbnailUrl\":\"https:\\\/\\\/makeisoluciones.com\\\/staging\\\/5768\\\/wp-content\\\/uploads\\\/2025\\\/04\\\/Que-gran-oportunidad.jpg\",\"datePublished\":\"2025-04-16T15:45:10+00:00\",\"dateModified\":\"2025-04-16T21:43:29+00:00\",\"breadcrumb\":{\"@id\":\"https:\\\/\\\/makeisoluciones.com\\\/staging\\\/5768\\\/hazte-socio\\\/#breadcrumb\"},\"inLanguage\":\"es-CO\",\"potentialAction\":[{\"@type\":\"ReadAction\",\"target\":[\"https:\\\/\\\/makeisoluciones.com\\\/staging\\\/5768\\\/hazte-socio\\\/\"]}]},{\"@type\":\"ImageObject\",\"inLanguage\":\"es-CO\",\"@id\":\"https:\\\/\\\/makeisoluciones.com\\\/staging\\\/5768\\\/hazte-socio\\\/#primaryimage\",\"url\":\"https:\\\/\\\/makeisoluciones.com\\\/staging\\\/5768\\\/wp-content\\\/uploads\\\/2025\\\/04\\\/Que-gran-oportunidad.jpg\",\"contentUrl\":\"https:\\\/\\\/makeisoluciones.com\\\/staging\\\/5768\\\/wp-content\\\/uploads\\\/2025\\\/04\\\/Que-gran-oportunidad.jpg\",\"width\":720,\"height\":360},{\"@type\":\"BreadcrumbList\",\"@id\":\"https:\\\/\\\/makeisoluciones.com\\\/staging\\\/5768\\\/hazte-socio\\\/#breadcrumb\",\"itemListElement\":[{\"@type\":\"ListItem\",\"position\":1,\"name\":\"Inicio\",\"item\":\"https:\\\/\\\/makeisoluciones.com\\\/staging\\\/5768\\\/\"},{\"@type\":\"ListItem\",\"position\":2,\"name\":\"Hazte Socio\"}]},{\"@type\":\"WebSite\",\"@id\":\"https:\\\/\\\/makeisoluciones.com\\\/#website\",\"url\":\"https:\\\/\\\/makeisoluciones.com\\\/\",\"name\":\"MAKEI\",\"description\":\"SOLUCIONES Y ASESORIAS\",\"publisher\":{\"@id\":\"https:\\\/\\\/makeisoluciones.com\\\/#organization\"},\"potentialAction\":[{\"@type\":\"SearchAction\",\"target\":{\"@type\":\"EntryPoint\",\"urlTemplate\":\"https:\\\/\\\/makeisoluciones.com\\\/?s={search_term_string}\"},\"query-input\":{\"@type\":\"PropertyValueSpecification\",\"valueRequired\":true,\"valueName\":\"search_term_string\"}}],\"inLanguage\":\"es-CO\"},{\"@type\":\"Organization\",\"@id\":\"https:\\\/\\\/makeisoluciones.com\\\/#organization\",\"name\":\"Makei Soluciones\",\"url\":\"https:\\\/\\\/makeisoluciones.com\\\/\",\"logo\":{\"@type\":\"ImageObject\",\"inLanguage\":\"es-CO\",\"@id\":\"https:\\\/\\\/makeisoluciones.com\\\/#\\\/schema\\\/logo\\\/image\\\/\",\"url\":\"https:\\\/\\\/makeisoluciones.com\\\/staging\\\/5768\\\/wp-content\\\/uploads\\\/2018\\\/03\\\/horizontal-LOGO.jpg\",\"contentUrl\":\"https:\\\/\\\/makeisoluciones.com\\\/staging\\\/5768\\\/wp-content\\\/uploads\\\/2018\\\/03\\\/horizontal-LOGO.jpg\",\"width\":673,\"height\":217,\"caption\":\"Makei Soluciones\"},\"image\":{\"@id\":\"https:\\\/\\\/makeisoluciones.com\\\/#\\\/schema\\\/logo\\\/image\\\/\"},\"sameAs\":[\"https:\\\/\\\/www.facebook.com\\\/Makeisoluciones\",\"https:\\\/\\\/www.instagram.com\\\/makeisoluciones\\\/?igshid=1tw8mbfoluach\",\"https:\\\/\\\/co.linkedin.com\\\/company\\\/makei-soluciones?trk=public_profile_topcard-current-company\"]}]}<\/script>\n<!-- \/ Yoast SEO plugin. -->","yoast_head_json":{"title":"Hazte Socio - MAKEI","robots":{"index":"index","follow":"follow","max-snippet":"max-snippet:-1","max-image-preview":"max-image-preview:large","max-video-preview":"max-video-preview:-1"},"canonical":"https:\/\/makeisoluciones.com\/staging\/5768\/hazte-socio\/","og_locale":"es_ES","og_type":"article","og_title":"Hazte Socio - MAKEI","og_url":"https:\/\/makeisoluciones.com\/staging\/5768\/hazte-socio\/","og_site_name":"MAKEI","article_publisher":"https:\/\/www.facebook.com\/Makeisoluciones","article_modified_time":"2025-04-16T21:43:29+00:00","og_image":[{"width":720,"height":360,"url":"https:\/\/makeisoluciones.com\/staging\/5768\/wp-content\/uploads\/2025\/04\/Que-gran-oportunidad.jpg","type":"image\/jpeg"}],"twitter_card":"summary_large_image","twitter_misc":{"Tiempo de lectura":"1 minuto"},"schema":{"@context":"https:\/\/schema.org","@graph":[{"@type":"WebPage","@id":"https:\/\/makeisoluciones.com\/staging\/5768\/hazte-socio\/","url":"https:\/\/makeisoluciones.com\/staging\/5768\/hazte-socio\/","name":"Hazte Socio - MAKEI","isPartOf":{"@id":"https:\/\/makeisoluciones.com\/#website"},"primaryImageOfPage":{"@id":"https:\/\/makeisoluciones.com\/staging\/5768\/hazte-socio\/#primaryimage"},"image":{"@id":"https:\/\/makeisoluciones.com\/staging\/5768\/hazte-socio\/#primaryimage"},"thumbnailUrl":"https:\/\/makeisoluciones.com\/staging\/5768\/wp-content\/uploads\/2025\/04\/Que-gran-oportunidad.jpg","datePublished":"2025-04-16T15:45:10+00:00","dateModified":"2025-04-16T21:43:29+00:00","breadcrumb":{"@id":"https:\/\/makeisoluciones.com\/staging\/5768\/hazte-socio\/#breadcrumb"},"inLanguage":"es-CO","potentialAction":[{"@type":"ReadAction","target":["https:\/\/makeisoluciones.com\/staging\/5768\/hazte-socio\/"]}]},{"@type":"ImageObject","inLanguage":"es-CO","@id":"https:\/\/makeisoluciones.com\/staging\/5768\/hazte-socio\/#primaryimage","url":"https:\/\/makeisoluciones.com\/staging\/5768\/wp-content\/uploads\/2025\/04\/Que-gran-oportunidad.jpg","contentUrl":"https:\/\/makeisoluciones.com\/staging\/5768\/wp-content\/uploads\/2025\/04\/Que-gran-oportunidad.jpg","width":720,"height":360},{"@type":"BreadcrumbList","@id":"https:\/\/makeisoluciones.com\/staging\/5768\/hazte-socio\/#breadcrumb","itemListElement":[{"@type":"ListItem","position":1,"name":"Inicio","item":"https:\/\/makeisoluciones.com\/staging\/5768\/"},{"@type":"ListItem","position":2,"name":"Hazte Socio"}]},{"@type":"WebSite","@id":"https:\/\/makeisoluciones.com\/#website","url":"https:\/\/makeisoluciones.com\/","name":"MAKEI","description":"SOLUCIONES Y ASESORIAS","publisher":{"@id":"https:\/\/makeisoluciones.com\/#organization"},"potentialAction":[{"@type":"SearchAction","target":{"@type":"EntryPoint","urlTemplate":"https:\/\/makeisoluciones.com\/?s={search_term_string}"},"query-input":{"@type":"PropertyValueSpecification","valueRequired":true,"valueName":"search_term_string"}}],"inLanguage":"es-CO"},{"@type":"Organization","@id":"https:\/\/makeisoluciones.com\/#organization","name":"Makei Soluciones","url":"https:\/\/makeisoluciones.com\/","logo":{"@type":"ImageObject","inLanguage":"es-CO","@id":"https:\/\/makeisoluciones.com\/#\/schema\/logo\/image\/","url":"https:\/\/makeisoluciones.com\/staging\/5768\/wp-content\/uploads\/2018\/03\/horizontal-LOGO.jpg","contentUrl":"https:\/\/makeisoluciones.com\/staging\/5768\/wp-content\/uploads\/2018\/03\/horizontal-LOGO.jpg","width":673,"height":217,"caption":"Makei Soluciones"},"image":{"@id":"https:\/\/makeisoluciones.com\/#\/schema\/logo\/image\/"},"sameAs":["https:\/\/www.facebook.com\/Makeisoluciones","https:\/\/www.instagram.com\/makeisoluciones\/?igshid=1tw8mbfoluach","https:\/\/co.linkedin.com\/company\/makei-soluciones?trk=public_profile_topcard-current-company"]}]}},"_links":{"self":[{"href":"https:\/\/makeisoluciones.com\/staging\/5768\/wp-json\/wp\/v2\/pages\/72782","targetHints":{"allow":["GET"]}}],"collection":[{"href":"https:\/\/makeisoluciones.com\/staging\/5768\/wp-json\/wp\/v2\/pages"}],"about":[{"href":"https:\/\/makeisoluciones.com\/staging\/5768\/wp-json\/wp\/v2\/types\/page"}],"author":[{"embeddable":true,"href":"https:\/\/makeisoluciones.com\/staging\/5768\/wp-json\/wp\/v2\/users\/2"}],"replies":[{"embeddable":true,"href":"https:\/\/makeisoluciones.com\/staging\/5768\/wp-json\/wp\/v2\/comments?post=72782"}],"version-history":[{"count":5,"href":"https:\/\/makeisoluciones.com\/staging\/5768\/wp-json\/wp\/v2\/pages\/72782\/revisions"}],"predecessor-version":[{"id":72837,"href":"https:\/\/makeisoluciones.com\/staging\/5768\/wp-json\/wp\/v2\/pages\/72782\/revisions\/72837"}],"wp:attachment":[{"href":"https:\/\/makeisoluciones.com\/staging\/5768\/wp-json\/wp\/v2\/media?parent=72782"}],"curies":[{"name":"wp","href":"https:\/\/api.w.org\/{rel}","templated":true}]}}